{"id":7261,"date":"2025-03-19T09:58:32","date_gmt":"2025-03-19T07:58:32","guid":{"rendered":"https:\/\/cannulab.com\/?post_type=product&#038;p=7261"},"modified":"2025-09-10T10:39:22","modified_gmt":"2025-09-10T08:39:22","slug":"chill-out-oil-30-ml","status":"publish","type":"product","link":"https:\/\/cannulab.com\/lt\/produktas\/chill-out-oil-30-ml\/","title":{"rendered":"Chill Out aliejus - 30 ml"},"content":{"rendered":"<p>Atraskite raminam\u0105j\u0105 CannuLAB \u201eChill Out Oil\u201c - 30 ml, auk\u0161\u010diausios kokyb\u0117s atsipalaidavimo mi\u0161inio, papildyto CBD, CBG ir gaiviu citrusini\u0173 vaisi\u0173 prieskoniu. \u0160iame aliejuje derinami kini\u0161kos citrin\u017eol\u0117s ir indi\u0161kos miros raminantys aromatai, o bergamo\u010di\u0173 citrin\u0173 ir apelsin\u0173 eteriniai aliejai pakyl\u0117ja ir nuramina poj\u016b\u010dius. Praturtintas vitaminu E, jis ne tik atpalaiduoja, bet ir maitina j\u016bs\u0173 od\u0105, tod\u0117l puikiai tinka kasdienei rutinai, kad suma\u017eintum\u0117te stres\u0105 ir nusiramintum\u0117te. CannuLAB Chill Out Oil idealiai tinka naudoti difuzoriuje arba \u0161iltoje vonioje, kad atsipalaiduotum\u0117te ir atsigaivintum\u0117te.<\/p>","protected":false},"excerpt":{"rendered":"<p>Discover the calming power of CannuLAB Chill Out Oil &#8211; 30 ml, a premium relaxation blend infused with CBD, CBG, and a refreshing citrus twist. This oil combines Chinese lemongrass and Indian myrrh for a soothing aroma, with bergamot lemon and orange essential oils to uplift and calm your senses. Enriched with Vitamin E, it [&hellip;]<\/p>","protected":false},"featured_media":7297,"comment_status":"open","ping_status":"closed","template":"","meta":{"_acf_changed":false,"inline_featured_image":false},"product_brand":[],"product_cat":[83,84,44],"product_tag":[88],"class_list":{"0":"post-7261","1":"product","2":"type-product","3":"status-publish","4":"has-post-thumbnail","6":"product_cat-cbd-oil","7":"product_cat-cbd-oil-chill-out","8":"product_cat-oil","9":"product_tag-drops","11":"first","12":"outofstock","13":"featured","14":"taxable","15":"shipping-taxable","16":"purchasable","17":"product-type-simple"},"exclude_global_add_ons":[],"addons":[],"acf":[],"ct_brands":[],"yoast_head":"<!-- This site is optimized with the Yoast SEO plugin v25.4 - https:\/\/yoast.com\/wordpress\/plugins\/seo\/ -->\n<title>Chill Out Oil - 30 ml - cannulab.com<\/title>\n<meta name=\"robots\" content=\"index, follow, max-snippet:-1, max-image-preview:large, max-video-preview:-1\" \/>\n<link rel=\"canonical\" href=\"https:\/\/cannulab.com\/lt\/produktas\/chill-out-oil-30-ml\/\" \/>\n<meta property=\"og:locale\" content=\"lt_LT\" \/>\n<meta property=\"og:type\" content=\"article\" \/>\n<meta property=\"og:title\" content=\"Chill Out Oil - 30 ml - cannulab.com\" \/>\n<meta property=\"og:description\" content=\"Discover the calming power of CannuLAB Chill Out Oil &#8211; 30 ml, a premium relaxation blend infused with CBD, CBG, and a refreshing citrus twist. This oil combines Chinese lemongrass and Indian myrrh for a soothing aroma, with bergamot lemon and orange essential oils to uplift and calm your senses. Enriched with Vitamin E, it [&hellip;]\" \/>\n<meta property=\"og:url\" content=\"https:\/\/cannulab.com\/lt\/produktas\/chill-out-oil-30-ml\/\" \/>\n<meta property=\"og:site_name\" content=\"cannulab.com\" \/>\n<meta property=\"article:modified_time\" content=\"2025-09-10T08:39:22+00:00\" \/>\n<meta property=\"og:image\" content=\"https:\/\/cannulab.com\/wp-content\/uploads\/2025\/03\/7fe634bd-d4ce-451b-b7ac-a0e8fddb28fd.jpg\" \/>\n\t<meta property=\"og:image:width\" content=\"1000\" \/>\n\t<meta property=\"og:image:height\" content=\"667\" \/>\n\t<meta property=\"og:image:type\" content=\"image\/jpeg\" \/>\n<meta name=\"twitter:card\" content=\"summary_large_image\" \/>\n<meta name=\"twitter:label1\" content=\"Est. reading time\" \/>\n\t<meta name=\"twitter:data1\" content=\"1 minut\u0117\" \/>\n<script type=\"application\/ld+json\" class=\"yoast-schema-graph\">{\"@context\":\"https:\/\/schema.org\",\"@graph\":[{\"@type\":\"WebPage\",\"@id\":\"https:\/\/cannulab.com\/product\/chill-out-oil-30-ml\/\",\"url\":\"https:\/\/cannulab.com\/product\/chill-out-oil-30-ml\/\",\"name\":\"Chill Out Oil - 30 ml - cannulab.com\",\"isPartOf\":{\"@id\":\"https:\/\/cannulab.com\/lt\/#website\"},\"primaryImageOfPage\":{\"@id\":\"https:\/\/cannulab.com\/product\/chill-out-oil-30-ml\/#primaryimage\"},\"image\":{\"@id\":\"https:\/\/cannulab.com\/product\/chill-out-oil-30-ml\/#primaryimage\"},\"thumbnailUrl\":\"https:\/\/cannulab.com\/wp-content\/uploads\/2025\/03\/7fe634bd-d4ce-451b-b7ac-a0e8fddb28fd.jpg\",\"datePublished\":\"2025-03-19T07:58:32+00:00\",\"dateModified\":\"2025-09-10T08:39:22+00:00\",\"breadcrumb\":{\"@id\":\"https:\/\/cannulab.com\/product\/chill-out-oil-30-ml\/#breadcrumb\"},\"inLanguage\":\"lt-LT\",\"potentialAction\":[{\"@type\":\"ReadAction\",\"target\":[\"https:\/\/cannulab.com\/product\/chill-out-oil-30-ml\/\"]}]},{\"@type\":\"ImageObject\",\"inLanguage\":\"lt-LT\",\"@id\":\"https:\/\/cannulab.com\/product\/chill-out-oil-30-ml\/#primaryimage\",\"url\":\"https:\/\/cannulab.com\/wp-content\/uploads\/2025\/03\/7fe634bd-d4ce-451b-b7ac-a0e8fddb28fd.jpg\",\"contentUrl\":\"https:\/\/cannulab.com\/wp-content\/uploads\/2025\/03\/7fe634bd-d4ce-451b-b7ac-a0e8fddb28fd.jpg\",\"width\":1000,\"height\":667},{\"@type\":\"BreadcrumbList\",\"@id\":\"https:\/\/cannulab.com\/product\/chill-out-oil-30-ml\/#breadcrumb\",\"itemListElement\":[{\"@type\":\"ListItem\",\"position\":1,\"name\":\"Home\",\"item\":\"https:\/\/cannulab.com\/lt\/\"},{\"@type\":\"ListItem\",\"position\":2,\"name\":\"CBD Shop\",\"item\":\"https:\/\/cannulab.com\/lt\/cbd-shop\/\"},{\"@type\":\"ListItem\",\"position\":3,\"name\":\"CBD Oil\",\"item\":\"https:\/\/cannulab.com\/product-category\/cbd-oil\/\"},{\"@type\":\"ListItem\",\"position\":4,\"name\":\"Chill Out Oil &#8211; 30 ml\"}]},{\"@type\":\"WebSite\",\"@id\":\"https:\/\/cannulab.com\/lt\/#website\",\"url\":\"https:\/\/cannulab.com\/lt\/\",\"name\":\"cannulab.com\",\"description\":\"\",\"publisher\":{\"@id\":\"https:\/\/cannulab.com\/lt\/#organization\"},\"potentialAction\":[{\"@type\":\"SearchAction\",\"target\":{\"@type\":\"EntryPoint\",\"urlTemplate\":\"https:\/\/cannulab.com\/lt\/?s={search_term_string}\"},\"query-input\":{\"@type\":\"PropertyValueSpecification\",\"valueRequired\":true,\"valueName\":\"search_term_string\"}}],\"inLanguage\":\"lt-LT\"},{\"@type\":\"Organization\",\"@id\":\"https:\/\/cannulab.com\/lt\/#organization\",\"name\":\"cannulab.com\",\"url\":\"https:\/\/cannulab.com\/lt\/\",\"logo\":{\"@type\":\"ImageObject\",\"inLanguage\":\"lt-LT\",\"@id\":\"https:\/\/cannulab.com\/lt\/#\/schema\/logo\/image\/\",\"url\":\"https:\/\/cannulab.com\/wp-content\/uploads\/2025\/01\/logo-white.svg\",\"contentUrl\":\"https:\/\/cannulab.com\/wp-content\/uploads\/2025\/01\/logo-white.svg\",\"width\":145,\"height\":64,\"caption\":\"cannulab.com\"},\"image\":{\"@id\":\"https:\/\/cannulab.com\/lt\/#\/schema\/logo\/image\/\"}}]}<\/script>\n<!-- \/ Yoast SEO plugin. -->","yoast_head_json":{"title":"Chill Out Oil - 30 ml - cannulab.com","robots":{"index":"index","follow":"follow","max-snippet":"max-snippet:-1","max-image-preview":"max-image-preview:large","max-video-preview":"max-video-preview:-1"},"canonical":"https:\/\/cannulab.com\/lt\/produktas\/chill-out-oil-30-ml\/","og_locale":"lt_LT","og_type":"article","og_title":"Chill Out Oil - 30 ml - cannulab.com","og_description":"Discover the calming power of CannuLAB Chill Out Oil &#8211; 30 ml, a premium relaxation blend infused with CBD, CBG, and a refreshing citrus twist. This oil combines Chinese lemongrass and Indian myrrh for a soothing aroma, with bergamot lemon and orange essential oils to uplift and calm your senses. Enriched with Vitamin E, it [&hellip;]","og_url":"https:\/\/cannulab.com\/lt\/produktas\/chill-out-oil-30-ml\/","og_site_name":"cannulab.com","article_modified_time":"2025-09-10T08:39:22+00:00","og_image":[{"width":1000,"height":667,"url":"https:\/\/cannulab.com\/wp-content\/uploads\/2025\/03\/7fe634bd-d4ce-451b-b7ac-a0e8fddb28fd.jpg","type":"image\/jpeg"}],"twitter_card":"summary_large_image","twitter_misc":{"Est. reading time":"1 minut\u0117"},"schema":{"@context":"https:\/\/schema.org","@graph":[{"@type":"WebPage","@id":"https:\/\/cannulab.com\/product\/chill-out-oil-30-ml\/","url":"https:\/\/cannulab.com\/product\/chill-out-oil-30-ml\/","name":"Chill Out Oil - 30 ml - cannulab.com","isPartOf":{"@id":"https:\/\/cannulab.com\/lt\/#website"},"primaryImageOfPage":{"@id":"https:\/\/cannulab.com\/product\/chill-out-oil-30-ml\/#primaryimage"},"image":{"@id":"https:\/\/cannulab.com\/product\/chill-out-oil-30-ml\/#primaryimage"},"thumbnailUrl":"https:\/\/cannulab.com\/wp-content\/uploads\/2025\/03\/7fe634bd-d4ce-451b-b7ac-a0e8fddb28fd.jpg","datePublished":"2025-03-19T07:58:32+00:00","dateModified":"2025-09-10T08:39:22+00:00","breadcrumb":{"@id":"https:\/\/cannulab.com\/product\/chill-out-oil-30-ml\/#breadcrumb"},"inLanguage":"lt-LT","potentialAction":[{"@type":"ReadAction","target":["https:\/\/cannulab.com\/product\/chill-out-oil-30-ml\/"]}]},{"@type":"ImageObject","inLanguage":"lt-LT","@id":"https:\/\/cannulab.com\/product\/chill-out-oil-30-ml\/#primaryimage","url":"https:\/\/cannulab.com\/wp-content\/uploads\/2025\/03\/7fe634bd-d4ce-451b-b7ac-a0e8fddb28fd.jpg","contentUrl":"https:\/\/cannulab.com\/wp-content\/uploads\/2025\/03\/7fe634bd-d4ce-451b-b7ac-a0e8fddb28fd.jpg","width":1000,"height":667},{"@type":"BreadcrumbList","@id":"https:\/\/cannulab.com\/product\/chill-out-oil-30-ml\/#breadcrumb","itemListElement":[{"@type":"ListItem","position":1,"name":"Home","item":"https:\/\/cannulab.com\/lt\/"},{"@type":"ListItem","position":2,"name":"CBD Shop","item":"https:\/\/cannulab.com\/lt\/cbd-shop\/"},{"@type":"ListItem","position":3,"name":"CBD Oil","item":"https:\/\/cannulab.com\/product-category\/cbd-oil\/"},{"@type":"ListItem","position":4,"name":"Chill Out Oil &#8211; 30 ml"}]},{"@type":"WebSite","@id":"https:\/\/cannulab.com\/lt\/#website","url":"https:\/\/cannulab.com\/lt\/","name":"cannulab.com","description":"","publisher":{"@id":"https:\/\/cannulab.com\/lt\/#organization"},"potentialAction":[{"@type":"SearchAction","target":{"@type":"EntryPoint","urlTemplate":"https:\/\/cannulab.com\/lt\/?s={search_term_string}"},"query-input":{"@type":"PropertyValueSpecification","valueRequired":true,"valueName":"search_term_string"}}],"inLanguage":"lt-LT"},{"@type":"Organization","@id":"https:\/\/cannulab.com\/lt\/#organization","name":"cannulab.com","url":"https:\/\/cannulab.com\/lt\/","logo":{"@type":"ImageObject","inLanguage":"lt-LT","@id":"https:\/\/cannulab.com\/lt\/#\/schema\/logo\/image\/","url":"https:\/\/cannulab.com\/wp-content\/uploads\/2025\/01\/logo-white.svg","contentUrl":"https:\/\/cannulab.com\/wp-content\/uploads\/2025\/01\/logo-white.svg","width":145,"height":64,"caption":"cannulab.com"},"image":{"@id":"https:\/\/cannulab.com\/lt\/#\/schema\/logo\/image\/"}}]}},"_links":{"self":[{"href":"https:\/\/cannulab.com\/lt\/wp-json\/wp\/v2\/product\/7261","targetHints":{"allow":["GET"]}}],"collection":[{"href":"https:\/\/cannulab.com\/lt\/wp-json\/wp\/v2\/product"}],"about":[{"href":"https:\/\/cannulab.com\/lt\/wp-json\/wp\/v2\/types\/product"}],"replies":[{"embeddable":true,"href":"https:\/\/cannulab.com\/lt\/wp-json\/wp\/v2\/comments?post=7261"}],"wp:featuredmedia":[{"embeddable":true,"href":"https:\/\/cannulab.com\/lt\/wp-json\/wp\/v2\/media\/7297"}],"wp:attachment":[{"href":"https:\/\/cannulab.com\/lt\/wp-json\/wp\/v2\/media?parent=7261"}],"wp:term":[{"taxonomy":"product_brand","embeddable":true,"href":"https:\/\/cannulab.com\/lt\/wp-json\/wp\/v2\/product_brand?post=7261"},{"taxonomy":"product_cat","embeddable":true,"href":"https:\/\/cannulab.com\/lt\/wp-json\/wp\/v2\/product_cat?post=7261"},{"taxonomy":"product_tag","embeddable":true,"href":"https:\/\/cannulab.com\/lt\/wp-json\/wp\/v2\/product_tag?post=7261"}],"curies":[{"name":"wp","href":"https:\/\/api.w.org\/{rel}","templated":true}]}}