{"id":5222,"date":"2025-01-23T16:56:11","date_gmt":"2025-01-23T14:56:11","guid":{"rendered":"https:\/\/rosybrown-okapi-388073.hostingersite.com\/?page_id=5222"},"modified":"2025-01-31T13:38:20","modified_gmt":"2025-01-31T11:38:20","slug":"grazinimo-ir-grazinimo-politika","status":"publish","type":"page","link":"https:\/\/cannulab.com\/lt\/grazinimo-ir-grazinimo-politika\/","title":{"rendered":"Gr\u0105\u017einimo ir Gr\u0105\u017einimo Politika"},"content":{"rendered":"<h1><strong>Gr\u0105\u017einimo ir Gr\u0105\u017einimo Politika<\/strong><\/h1>\n<p>\u201e[Parduotuv\u0117s Pavadinimas]\u201c siekia, kad b\u016btum\u0117te visi\u0161kai patenkinti savo pirkiniu. Jei d\u0117l kokios nors prie\u017easties nesate patenkinti savo preke, mes si\u016blome ai\u0161ki\u0105 gr\u0105\u017einimo ir gr\u0105\u017einimo politik\u0105. Pra\u0161ome atid\u017eiai perskaityti \u017eemiau pateiktas s\u0105lygas ir taisykles, kad suprastum\u0117te, kaip veikia m\u016bs\u0173 gr\u0105\u017einimo ir gr\u0105\u017einimo procesas.<\/p>\n<h3><strong>Gr\u0105\u017einimai<\/strong><\/h3>\n<p><strong>Gr\u0105\u017einimo laikotarpis:<\/strong><\/p>\n<p>Produktus galite gr\u0105\u017einti per [x] dienas nuo u\u017esakymo gavimo dienos, jei jie yra originalioje b\u016bkl\u0117je, nepa\u017eeisti ir nenaudoti.<\/p>\n<p><strong>Kaip gr\u0105\u017einti prek\u0119:<\/strong><\/p>\n<p>Nor\u0117dami prad\u0117ti preki\u0173 gr\u0105\u017einim\u0105, atlikite \u0161iuos veiksmus:<\/p>\n<ol>\n<li>Susisiekite su m\u016bs\u0173 klient\u0173 aptarnavimo komanda el. pa\u0161tu [el. pa\u0161tas\/kontaktin\u0117 informacija] ir pateikite u\u017esakymo informacij\u0105.<\/li>\n<li>Pateikite gr\u0105\u017einimo prie\u017east\u012f ir \u012ftraukite vis\u0105 reikaling\u0105 informacij\u0105.<\/li>\n<li>Patvirtinus gr\u0105\u017einim\u0105, mes i\u0161si\u0173sime gr\u0105\u017einimo etiket\u0119 (jei taikoma) arba suteiksime tolesnes instrukcijas.<\/li>\n<\/ol>\n<p><strong>Gr\u0105\u017einimo siuntimo i\u0161laidos:<\/strong><\/p>\n<p>Jei prek\u0117 n\u0117ra sugedusi arba neteisinga, j\u016bs b\u016bsite atsakingi u\u017e gr\u0105\u017einimo siuntimo i\u0161laidas. Rekomenduojame naudoti sekam\u0105j\u0105 siuntimo paslaug\u0105, kad u\u017etikrintum\u0117te, jog gr\u0105\u017einamos prek\u0117s pasieks mus saugiai.<\/p>\n<h3><strong>Gr\u0105\u017einimas<\/strong><\/h3>\n<p><strong>Teis\u0117 gauti gr\u0105\u017einim\u0105:<\/strong><\/p>\n<p>Gr\u0105\u017einimai bus i\u0161duoti tik u\u017e prekes, gr\u0105\u017eintas per nustatyt\u0105 laikotarp\u012f ir originalioje, nenaudotoje b\u016bkl\u0117je. Kai tik gausime ir patikrinsime gr\u0105\u017eintas prekes, mes prane\u0161ime apie gr\u0105\u017einimo patvirtinim\u0105 arba atmetim\u0105.<\/p>\n<p><strong>Gr\u0105\u017einimo apdorojimo laikas:<\/strong><\/p>\n<p>Jei j\u016bs\u0173 gr\u0105\u017einimas bus patvirtintas, gr\u0105\u017einimas bus apdorotas \u012f pradin\u012f apmok\u0117jimo metod\u0105 per [x] darbo dienas. Pra\u0161ome atkreipti d\u0117mes\u012f, kad gali prireikti keli\u0173 papildom\u0173 dien\u0173, kol gr\u0105\u017einimas atsispind\u0117s j\u016bs\u0173 paskyroje, priklausomai nuo j\u016bs\u0173 banko ar mok\u0117jimo paslaug\u0173 teik\u0117jo.<\/p>\n<h3><strong>Keitimas<\/strong><\/h3>\n<p>Mes tiesiogiai nekei\u010diame preki\u0173. Jei norite pakeisti prek\u0119, turite gr\u0105\u017einti originali\u0105 prek\u0119 ir gauti gr\u0105\u017einim\u0105, tada pateikti nauj\u0105 u\u017esakym\u0105 d\u0117l norimos prek\u0117s.<\/p>\n<h3><strong>Negr\u0105\u017einamos prek\u0117s<\/strong><\/h3>\n<p>Kai kurios prek\u0117s negali b\u016bti gr\u0105\u017einamos arba gr\u0105\u017einamos, \u012fskaitant, bet neapsiribojant:<\/p>\n<ul>\n<li>[\u012era\u0161ykite negr\u0105\u017einamas prekes, pvz., skaitmeninius produktus, greitai gendan\u010dias prekes ir kt.]<\/li>\n<\/ul>\n<h3><strong>Sugedusios arba Defektyvios Prek\u0117s<\/strong><\/h3>\n<p>Jei gavote sugadint\u0105 arba defektyvi\u0105 prek\u0119, nedelsdami susisiekite su m\u016bs\u0173 klient\u0173 aptarnavimo komanda el. pa\u0161tu [el. pa\u0161tas\/kontaktin\u0117 informacija]. Mes organizuosime gr\u0105\u017einim\u0105 ir suteiksime piln\u0105 gr\u0105\u017einim\u0105 arba keitim\u0105 be papildom\u0173 i\u0161laid\u0173 jums.<\/p>\n<h3><strong>Susisiekite su mumis<\/strong><\/h3>\n<p>Jei turite klausim\u0173 arba reikia pagalbos d\u0117l gr\u0105\u017einimo ar gr\u0105\u017einimo proceso, nedvejodami susisiekite su m\u016bs\u0173 klient\u0173 aptarnavimo komanda el. pa\u0161tu [el. pa\u0161tas\/kontaktin\u0117 informacija].<\/p>\n<p>A\u010di\u016b, kad apsipirkote \u201e[Parduotuv\u0117s Pavadinimas]\u201c!<\/p>","protected":false},"excerpt":{"rendered":"<p>Gr\u0105\u017einimo ir Gr\u0105\u017einimo Politika \u201e[Parduotuv\u0117s Pavadinimas]\u201c siekia, kad b\u016btum\u0117te visi\u0161kai patenkinti savo pirkiniu. Jei d\u0117l kokios nors prie\u017easties nesate patenkinti savo preke, mes si\u016blome ai\u0161ki\u0105 gr\u0105\u017einimo ir gr\u0105\u017einimo politik\u0105. Pra\u0161ome atid\u017eiai perskaityti \u017eemiau pateiktas s\u0105lygas ir taisykles, kad suprastum\u0117te, kaip veikia m\u016bs\u0173 gr\u0105\u017einimo ir gr\u0105\u017einimo procesas. Gr\u0105\u017einimai Gr\u0105\u017einimo laikotarpis: Produktus galite gr\u0105\u017einti per [x] dienas [&hellip;]<\/p>","protected":false},"author":1,"featured_media":0,"parent":0,"menu_order":0,"comment_status":"closed","ping_status":"closed","template":"","meta":{"_acf_changed":false,"inline_featured_image":false,"footnotes":""},"class_list":["post-5222","page","type-page","status-publish","hentry"],"blocksy_meta":[],"acf":[],"yoast_head":"<!-- This site is optimized with the Yoast SEO plugin v27.4 - https:\/\/yoast.com\/product\/yoast-seo-wordpress\/ -->\n<title>Gr\u0105\u017einimo ir Gr\u0105\u017einimo Politika - cannulab.com<\/title>\n<meta name=\"robots\" content=\"index, follow, max-snippet:-1, max-image-preview:large, max-video-preview:-1\" \/>\n<link rel=\"canonical\" href=\"https:\/\/cannulab.com\/lt\/grazinimo-ir-grazinimo-politika\/\" \/>\n<meta property=\"og:locale\" content=\"lt_LT\" \/>\n<meta property=\"og:type\" content=\"article\" \/>\n<meta property=\"og:title\" content=\"Gr\u0105\u017einimo ir Gr\u0105\u017einimo Politika - cannulab.com\" \/>\n<meta property=\"og:description\" content=\"Gr\u0105\u017einimo ir Gr\u0105\u017einimo Politika \u201e[Parduotuv\u0117s Pavadinimas]\u201c siekia, kad b\u016btum\u0117te visi\u0161kai patenkinti savo pirkiniu. Jei d\u0117l kokios nors prie\u017easties nesate patenkinti savo preke, mes si\u016blome ai\u0161ki\u0105 gr\u0105\u017einimo ir gr\u0105\u017einimo politik\u0105. Pra\u0161ome atid\u017eiai perskaityti \u017eemiau pateiktas s\u0105lygas ir taisykles, kad suprastum\u0117te, kaip veikia m\u016bs\u0173 gr\u0105\u017einimo ir gr\u0105\u017einimo procesas. Gr\u0105\u017einimai Gr\u0105\u017einimo laikotarpis: Produktus galite gr\u0105\u017einti per [x] dienas [&hellip;]\" \/>\n<meta property=\"og:url\" content=\"https:\/\/cannulab.com\/lt\/grazinimo-ir-grazinimo-politika\/\" \/>\n<meta property=\"og:site_name\" content=\"cannulab.com\" \/>\n<meta property=\"article:modified_time\" content=\"2025-01-31T11:38:20+00:00\" \/>\n<meta name=\"twitter:card\" content=\"summary_large_image\" \/>\n<meta name=\"twitter:label1\" content=\"Est. reading time\" \/>\n\t<meta name=\"twitter:data1\" content=\"2 minut\u0117s\" \/>\n<script type=\"application\/ld+json\" class=\"yoast-schema-graph\">{\"@context\":\"https:\\\/\\\/schema.org\",\"@graph\":[{\"@type\":\"WebPage\",\"@id\":\"https:\\\/\\\/cannulab.com\\\/grazinimo-ir-grazinimo-politika\\\/\",\"url\":\"https:\\\/\\\/cannulab.com\\\/grazinimo-ir-grazinimo-politika\\\/\",\"name\":\"Gr\u0105\u017einimo ir Gr\u0105\u017einimo Politika - cannulab.com\",\"isPartOf\":{\"@id\":\"https:\\\/\\\/cannulab.com\\\/lt\\\/#website\"},\"datePublished\":\"2025-01-23T14:56:11+00:00\",\"dateModified\":\"2025-01-31T11:38:20+00:00\",\"breadcrumb\":{\"@id\":\"https:\\\/\\\/cannulab.com\\\/grazinimo-ir-grazinimo-politika\\\/#breadcrumb\"},\"inLanguage\":\"lt-LT\",\"potentialAction\":[{\"@type\":\"ReadAction\",\"target\":[\"https:\\\/\\\/cannulab.com\\\/grazinimo-ir-grazinimo-politika\\\/\"]}]},{\"@type\":\"BreadcrumbList\",\"@id\":\"https:\\\/\\\/cannulab.com\\\/grazinimo-ir-grazinimo-politika\\\/#breadcrumb\",\"itemListElement\":[{\"@type\":\"ListItem\",\"position\":1,\"name\":\"Home\",\"item\":\"https:\\\/\\\/cannulab.com\\\/lt\\\/\"},{\"@type\":\"ListItem\",\"position\":2,\"name\":\"Gr\u0105\u017einimo ir Gr\u0105\u017einimo Politika\"}]},{\"@type\":\"WebSite\",\"@id\":\"https:\\\/\\\/cannulab.com\\\/lt\\\/#website\",\"url\":\"https:\\\/\\\/cannulab.com\\\/lt\\\/\",\"name\":\"cannulab.com\",\"description\":\"\",\"publisher\":{\"@id\":\"https:\\\/\\\/cannulab.com\\\/lt\\\/#organization\"},\"potentialAction\":[{\"@type\":\"SearchAction\",\"target\":{\"@type\":\"EntryPoint\",\"urlTemplate\":\"https:\\\/\\\/cannulab.com\\\/lt\\\/?s={search_term_string}\"},\"query-input\":{\"@type\":\"PropertyValueSpecification\",\"valueRequired\":true,\"valueName\":\"search_term_string\"}}],\"inLanguage\":\"lt-LT\"},{\"@type\":\"Organization\",\"@id\":\"https:\\\/\\\/cannulab.com\\\/lt\\\/#organization\",\"name\":\"cannulab.com\",\"url\":\"https:\\\/\\\/cannulab.com\\\/lt\\\/\",\"logo\":{\"@type\":\"ImageObject\",\"inLanguage\":\"lt-LT\",\"@id\":\"https:\\\/\\\/cannulab.com\\\/lt\\\/#\\\/schema\\\/logo\\\/image\\\/\",\"url\":\"https:\\\/\\\/cannulab.com\\\/wp-content\\\/uploads\\\/2025\\\/01\\\/logo-white.svg\",\"contentUrl\":\"https:\\\/\\\/cannulab.com\\\/wp-content\\\/uploads\\\/2025\\\/01\\\/logo-white.svg\",\"width\":145,\"height\":64,\"caption\":\"cannulab.com\"},\"image\":{\"@id\":\"https:\\\/\\\/cannulab.com\\\/lt\\\/#\\\/schema\\\/logo\\\/image\\\/\"}}]}<\/script>\n<!-- \/ Yoast SEO plugin. -->","yoast_head_json":{"title":"Gr\u0105\u017einimo ir Gr\u0105\u017einimo Politika - cannulab.com","robots":{"index":"index","follow":"follow","max-snippet":"max-snippet:-1","max-image-preview":"max-image-preview:large","max-video-preview":"max-video-preview:-1"},"canonical":"https:\/\/cannulab.com\/lt\/grazinimo-ir-grazinimo-politika\/","og_locale":"lt_LT","og_type":"article","og_title":"Gr\u0105\u017einimo ir Gr\u0105\u017einimo Politika - cannulab.com","og_description":"Gr\u0105\u017einimo ir Gr\u0105\u017einimo Politika \u201e[Parduotuv\u0117s Pavadinimas]\u201c siekia, kad b\u016btum\u0117te visi\u0161kai patenkinti savo pirkiniu. Jei d\u0117l kokios nors prie\u017easties nesate patenkinti savo preke, mes si\u016blome ai\u0161ki\u0105 gr\u0105\u017einimo ir gr\u0105\u017einimo politik\u0105. Pra\u0161ome atid\u017eiai perskaityti \u017eemiau pateiktas s\u0105lygas ir taisykles, kad suprastum\u0117te, kaip veikia m\u016bs\u0173 gr\u0105\u017einimo ir gr\u0105\u017einimo procesas. Gr\u0105\u017einimai Gr\u0105\u017einimo laikotarpis: Produktus galite gr\u0105\u017einti per [x] dienas [&hellip;]","og_url":"https:\/\/cannulab.com\/lt\/grazinimo-ir-grazinimo-politika\/","og_site_name":"cannulab.com","article_modified_time":"2025-01-31T11:38:20+00:00","twitter_card":"summary_large_image","twitter_misc":{"Est. reading time":"2 minut\u0117s"},"schema":{"@context":"https:\/\/schema.org","@graph":[{"@type":"WebPage","@id":"https:\/\/cannulab.com\/grazinimo-ir-grazinimo-politika\/","url":"https:\/\/cannulab.com\/grazinimo-ir-grazinimo-politika\/","name":"Gr\u0105\u017einimo ir Gr\u0105\u017einimo Politika - cannulab.com","isPartOf":{"@id":"https:\/\/cannulab.com\/lt\/#website"},"datePublished":"2025-01-23T14:56:11+00:00","dateModified":"2025-01-31T11:38:20+00:00","breadcrumb":{"@id":"https:\/\/cannulab.com\/grazinimo-ir-grazinimo-politika\/#breadcrumb"},"inLanguage":"lt-LT","potentialAction":[{"@type":"ReadAction","target":["https:\/\/cannulab.com\/grazinimo-ir-grazinimo-politika\/"]}]},{"@type":"BreadcrumbList","@id":"https:\/\/cannulab.com\/grazinimo-ir-grazinimo-politika\/#breadcrumb","itemListElement":[{"@type":"ListItem","position":1,"name":"Home","item":"https:\/\/cannulab.com\/lt\/"},{"@type":"ListItem","position":2,"name":"Gr\u0105\u017einimo ir Gr\u0105\u017einimo Politika"}]},{"@type":"WebSite","@id":"https:\/\/cannulab.com\/lt\/#website","url":"https:\/\/cannulab.com\/lt\/","name":"cannulab.com","description":"","publisher":{"@id":"https:\/\/cannulab.com\/lt\/#organization"},"potentialAction":[{"@type":"SearchAction","target":{"@type":"EntryPoint","urlTemplate":"https:\/\/cannulab.com\/lt\/?s={search_term_string}"},"query-input":{"@type":"PropertyValueSpecification","valueRequired":true,"valueName":"search_term_string"}}],"inLanguage":"lt-LT"},{"@type":"Organization","@id":"https:\/\/cannulab.com\/lt\/#organization","name":"cannulab.com","url":"https:\/\/cannulab.com\/lt\/","logo":{"@type":"ImageObject","inLanguage":"lt-LT","@id":"https:\/\/cannulab.com\/lt\/#\/schema\/logo\/image\/","url":"https:\/\/cannulab.com\/wp-content\/uploads\/2025\/01\/logo-white.svg","contentUrl":"https:\/\/cannulab.com\/wp-content\/uploads\/2025\/01\/logo-white.svg","width":145,"height":64,"caption":"cannulab.com"},"image":{"@id":"https:\/\/cannulab.com\/lt\/#\/schema\/logo\/image\/"}}]}},"_links":{"self":[{"href":"https:\/\/cannulab.com\/lt\/wp-json\/wp\/v2\/pages\/5222","targetHints":{"allow":["GET"]}}],"collection":[{"href":"https:\/\/cannulab.com\/lt\/wp-json\/wp\/v2\/pages"}],"about":[{"href":"https:\/\/cannulab.com\/lt\/wp-json\/wp\/v2\/types\/page"}],"author":[{"embeddable":true,"href":"https:\/\/cannulab.com\/lt\/wp-json\/wp\/v2\/users\/1"}],"replies":[{"embeddable":true,"href":"https:\/\/cannulab.com\/lt\/wp-json\/wp\/v2\/comments?post=5222"}],"version-history":[{"count":3,"href":"https:\/\/cannulab.com\/lt\/wp-json\/wp\/v2\/pages\/5222\/revisions"}],"predecessor-version":[{"id":5517,"href":"https:\/\/cannulab.com\/lt\/wp-json\/wp\/v2\/pages\/5222\/revisions\/5517"}],"wp:attachment":[{"href":"https:\/\/cannulab.com\/lt\/wp-json\/wp\/v2\/media?parent=5222"}],"curies":[{"name":"wp","href":"https:\/\/api.w.org\/{rel}","templated":true}]}}